{"id":665,"date":"2022-08-15T13:39:35","date_gmt":"2022-08-15T16:39:35","guid":{"rendered":"https:\/\/cerrado.org.br\/get-to-know\/good-results-experiences-and-richness-of-the-peoples\/"},"modified":"2025-11-07T15:50:39","modified_gmt":"2025-11-07T18:50:39","slug":"good-results-experiences-and-richness-of-the-peoples","status":"publish","type":"page","link":"https:\/\/cerrado.org.br\/en\/get-to-know\/good-results-experiences-and-richness-of-the-peoples\/","title":{"rendered":"Good Results: experiences and richness of the peoples"},"content":{"rendered":"\t\t<div data-elementor-type=\"wp-page\" data-elementor-id=\"665\" class=\"elementor elementor-665 elementor-161\" data-elementor-settings=\"{&quot;ha_cmc_init_switcher&quot;:&quot;no&quot;}\" data-elementor-post-type=\"page\">\n\t\t\t\t\t\t<section class=\"elementor-section elementor-top-section elementor-element elementor-element-8fb3bb8 elementor-section-content-middle elementor-section-boxed elementor-section-height-default elementor-section-height-default\" data-id=\"8fb3bb8\" data-element_type=\"section\" data-e-type=\"section\" data-settings=\"{&quot;_ha_eqh_enable&quot;:false}\">\n\t\t\t\t\t\t<div class=\"elementor-container elementor-column-gap-default\">\n\t\t\t\t\t<div class=\"elementor-column elementor-col-100 elementor-top-column elementor-element elementor-element-935a968\" data-id=\"935a968\" data-element_type=\"column\" data-e-type=\"column\">\n\t\t\t<div class=\"elementor-widget-wrap elementor-element-populated\">\n\t\t\t\t\t\t<div class=\"elementor-element elementor-element-26708a9 elementor-widget elementor-widget-heading\" data-id=\"26708a9\" data-element_type=\"widget\" data-e-type=\"widget\" data-widget_type=\"heading.default\">\n\t\t\t\t<div class=\"elementor-widget-container\">\n\t\t\t\t\t<h2 class=\"elementor-heading-title elementor-size-default\">Good Results: experiences and richness of the peoples<\/h2>\t\t\t\t<\/div>\n\t\t\t\t<\/div>\n\t\t\t\t<div class=\"elementor-element elementor-element-d4d03dd elementor-widget elementor-widget-text-editor\" data-id=\"d4d03dd\" data-element_type=\"widget\" data-e-type=\"widget\" data-widget_type=\"text-editor.default\">\n\t\t\t\t<div class=\"elementor-widget-container\">\n\t\t\t\t\t\t\t\t\t<p>In the \u00c1gua Boa Community, a premonitory name located in the State of Minas Gerais, in southeastern Brazil, lives Maria L\u00facia Agostinho. Known as Dona L\u00facia, she is a family farmer, a native of the Cerrado region, an active protector of the Cerrado, and also considers herself a &#8220;guardian of the springs.&#8221; <\/p><p>Dona L\u00facia works to strengthen the supply chain of fruits collected and sold in the area, such as araticum, mangaba, licuri coconut, and especially pequi. In this region, clay crafts are also prominent and a result of learning from ancestors. Pots, filters, pans, and jugs are incorporated into the fruit supply chains, contributing to income generation and local sustainability.   <\/p><p>Fruits and plants also come together in the making of this craft. Women make hats from licuri palm straw, baskets from vines, among other things. Furthermore, family farming is strong, especially with cassava, which they use to make starch to be sold. The seedling nursery and heirloom seeds also provide production and income for the Dona L\u00facia community.   <\/p>\t\t\t\t\t\t\t\t<\/div>\n\t\t\t\t<\/div>\n\t\t\t\t<div class=\"elementor-element elementor-element-98b21b3 elementor-widget elementor-widget-image\" data-id=\"98b21b3\" data-element_type=\"widget\" data-e-type=\"widget\" data-widget_type=\"image.default\">\n\t\t\t\t<div class=\"elementor-widget-container\">\n\t\t\t\t\t\t\t\t\t\t\t\t\t\t\t<img fetchpriority=\"high\" decoding=\"async\" width=\"800\" height=\"534\" src=\"https:\/\/cerrado.org.br\/site\/wp-content\/uploads\/2022\/08\/Bento-Viana-Pequi-WEB-0233-1024x683.jpg\" class=\"attachment-large size-large wp-image-426\" alt=\"\" srcset=\"https:\/\/cerrado.org.br\/site\/wp-content\/uploads\/2022\/08\/Bento-Viana-Pequi-WEB-0233-1024x683.jpg 1024w, https:\/\/cerrado.org.br\/site\/wp-content\/uploads\/2022\/08\/Bento-Viana-Pequi-WEB-0233-300x200.jpg 300w, https:\/\/cerrado.org.br\/site\/wp-content\/uploads\/2022\/08\/Bento-Viana-Pequi-WEB-0233-768x512.jpg 768w, https:\/\/cerrado.org.br\/site\/wp-content\/uploads\/2022\/08\/Bento-Viana-Pequi-WEB-0233.jpg 1080w\" sizes=\"(max-width: 800px) 100vw, 800px\" \/>\t\t\t\t\t\t\t\t\t\t\t\t\t\t\t<\/div>\n\t\t\t\t<\/div>\n\t\t\t\t<div class=\"elementor-element elementor-element-48eec57 elementor-widget elementor-widget-text-editor\" data-id=\"48eec57\" data-element_type=\"widget\" data-e-type=\"widget\" data-widget_type=\"text-editor.default\">\n\t\t\t\t<div class=\"elementor-widget-container\">\n\t\t\t\t\t\t\t\t\t<p>Dona L\u00facia&#8217;s territory is constantly threatened by large-scale projects, mainly eucalyptus monocultures. &#8220;Many of these entrepreneurs started developing monocultures in nearby regions, which damaged the environment and caused imbalances. &#8220;Regions that once had enough water, no longer do.&#8221; <\/p><p>The threats to the territory of the \u00c1gua Boa community impact both the environment and the way of life of the farmers. Dona L\u00facia recounts that her community organized mobilizations and demonstrations, and that she herself, along with other comrades, went on a 36-hour hunger and thirst strike to prevent the destruction of water springs by a large development project that also prevented them from accessing water.  <\/p><p>All this struggle has borne fruit. Dona L\u00facia and her community achieved recognition of their territory as a Sustainable Use Conservation Unit, the Nascentes Geraizeiras Sustainable Development Reserve, in the areas where they collect fruits and raise animals, which gave them greater security. The guardian of the springs continues with her community in the defense of her territory, understood as the defense of life itself.   <\/p>\t\t\t\t\t\t\t\t<\/div>\n\t\t\t\t<\/div>\n\t\t\t\t\t<\/div>\n\t\t<\/div>\n\t\t\t\t\t<\/div>\n\t\t<\/section>\n\t\t\t\t<section class=\"elementor-section elementor-top-section elementor-element elementor-element-af2e107 elementor-section-height-min-height elementor-section-boxed elementor-section-height-default elementor-section-items-middle\" data-id=\"af2e107\" data-element_type=\"section\" data-e-type=\"section\" data-settings=\"{&quot;background_background&quot;:&quot;classic&quot;,&quot;_ha_eqh_enable&quot;:false}\">\n\t\t\t\t\t\t<div class=\"elementor-container elementor-column-gap-default\">\n\t\t\t\t\t<div class=\"elementor-column elementor-col-100 elementor-top-column elementor-element elementor-element-27f63e8\" data-id=\"27f63e8\" data-element_type=\"column\" data-e-type=\"column\">\n\t\t\t<div class=\"elementor-widget-wrap\">\n\t\t\t\t\t\t\t<\/div>\n\t\t<\/div>\n\t\t\t\t\t<\/div>\n\t\t<\/section>\n\t\t\t\t<section class=\"elementor-section elementor-top-section elementor-element elementor-element-10384ca elementor-section-content-middle elementor-section-boxed elementor-section-height-default elementor-section-height-default\" data-id=\"10384ca\" data-element_type=\"section\" data-e-type=\"section\" data-settings=\"{&quot;_ha_eqh_enable&quot;:false}\">\n\t\t\t\t\t\t<div class=\"elementor-container elementor-column-gap-default\">\n\t\t\t\t\t<div class=\"elementor-column elementor-col-100 elementor-top-column elementor-element elementor-element-a28251f\" data-id=\"a28251f\" data-element_type=\"column\" data-e-type=\"column\">\n\t\t\t<div class=\"elementor-widget-wrap elementor-element-populated\">\n\t\t\t\t\t\t<div class=\"elementor-element elementor-element-248c001 elementor-widget elementor-widget-text-editor\" data-id=\"248c001\" data-element_type=\"widget\" data-e-type=\"widget\" data-widget_type=\"text-editor.default\">\n\t\t\t\t<div class=\"elementor-widget-container\">\n\t\t\t\t\t\t\t\t\t<p>Located in the Midwest of Brazil and considered the largest quilombola community in the country, the Kalunga territory is inhabited by people who nurture an ancestral relationship with nature, based on respect and sustainability. Women excel in handling local biodiversity, transforming it into handcrafted products with unique characteristics. <\/p>\t\t\t\t\t\t\t\t<\/div>\n\t\t\t\t<\/div>\n\t\t\t\t\t<\/div>\n\t\t<\/div>\n\t\t\t\t\t<\/div>\n\t\t<\/section>\n\t\t\t\t<section class=\"elementor-section elementor-top-section elementor-element elementor-element-1f6ab1d elementor-section-stretched elementor-section-boxed elementor-section-height-default elementor-section-height-default\" data-id=\"1f6ab1d\" data-element_type=\"section\" data-e-type=\"section\" data-settings=\"{&quot;stretch_section&quot;:&quot;section-stretched&quot;,&quot;_ha_eqh_enable&quot;:false}\">\n\t\t\t\t\t\t<div class=\"elementor-container elementor-column-gap-default\">\n\t\t\t\t\t<div class=\"elementor-column elementor-col-100 elementor-top-column elementor-element elementor-element-5c27019\" data-id=\"5c27019\" data-element_type=\"column\" data-e-type=\"column\">\n\t\t\t<div class=\"elementor-widget-wrap elementor-element-populated\">\n\t\t\t\t\t\t<div class=\"elementor-element elementor-element-b8cf57c elementor-pagination-position-inside elementor-arrows-position-inside elementor-widget elementor-widget-image-carousel\" data-id=\"b8cf57c\" data-element_type=\"widget\" data-e-type=\"widget\" data-settings=\"{&quot;slides_to_show&quot;:&quot;1&quot;,&quot;lazyload&quot;:&quot;yes&quot;,&quot;autoplay_speed&quot;:4000,&quot;navigation&quot;:&quot;both&quot;,&quot;autoplay&quot;:&quot;yes&quot;,&quot;pause_on_hover&quot;:&quot;yes&quot;,&quot;pause_on_interaction&quot;:&quot;yes&quot;,&quot;infinite&quot;:&quot;yes&quot;,&quot;effect&quot;:&quot;slide&quot;,&quot;speed&quot;:500}\" data-widget_type=\"image-carousel.default\">\n\t\t\t\t<div class=\"elementor-widget-container\">\n\t\t\t\t\t\t\t<div class=\"elementor-image-carousel-wrapper swiper\" role=\"region\" aria-roledescription=\"carousel\" aria-label=\"Image Carousel\" dir=\"ltr\">\n\t\t\t<div class=\"elementor-image-carousel swiper-wrapper swiper-image-stretch\" aria-live=\"off\">\n\t\t\t\t\t\t\t\t<div class=\"swiper-slide\" role=\"group\" aria-roledescription=\"slide\" aria-label=\"1 of 4\"><a data-elementor-open-lightbox=\"yes\" data-elementor-lightbox-slideshow=\"b8cf57c\" data-e-action-hash=\"#elementor-action%3Aaction%3Dlightbox%26settings%3DeyJpZCI6NDI5LCJ1cmwiOiJodHRwczpcL1wvY2VycmFkby5vcmcuYnJcL3NpdGVcL3dwLWNvbnRlbnRcL3VwbG9hZHNcLzIwMjJcLzA4XC9hbGJ1bS0xLTIuanBnIiwic2xpZGVzaG93IjoiYjhjZjU3YyJ9\" href=\"https:\/\/cerrado.org.br\/site\/wp-content\/uploads\/2022\/08\/album-1-2.jpg\"><figure class=\"swiper-slide-inner\"><img class=\"swiper-slide-image swiper-lazy\" data-src=\"https:\/\/cerrado.org.br\/site\/wp-content\/uploads\/2022\/08\/album-1-2.jpg\" alt=\"album-1-2\" \/><div class=\"swiper-lazy-preloader\"><\/div><\/figure><\/a><\/div><div class=\"swiper-slide\" role=\"group\" aria-roledescription=\"slide\" aria-label=\"2 of 4\"><a data-elementor-open-lightbox=\"yes\" data-elementor-lightbox-slideshow=\"b8cf57c\" data-e-action-hash=\"#elementor-action%3Aaction%3Dlightbox%26settings%3DeyJpZCI6NDU3LCJ1cmwiOiJodHRwczpcL1wvY2VycmFkby5vcmcuYnJcL3NpdGVcL3dwLWNvbnRlbnRcL3VwbG9hZHNcLzIwMjJcLzA4XC9hbGJ1bS0xLTEuanBnIiwic2xpZGVzaG93IjoiYjhjZjU3YyJ9\" href=\"https:\/\/cerrado.org.br\/site\/wp-content\/uploads\/2022\/08\/album-1-1.jpg\"><figure class=\"swiper-slide-inner\"><img class=\"swiper-slide-image swiper-lazy\" data-src=\"https:\/\/cerrado.org.br\/site\/wp-content\/uploads\/2022\/08\/album-1-1-1536x1020.jpg\" alt=\"album-1-1\" \/><div class=\"swiper-lazy-preloader\"><\/div><\/figure><\/a><\/div><div class=\"swiper-slide\" role=\"group\" aria-roledescription=\"slide\" aria-label=\"3 of 4\"><a data-elementor-open-lightbox=\"yes\" data-elementor-lightbox-slideshow=\"b8cf57c\" data-e-action-hash=\"#elementor-action%3Aaction%3Dlightbox%26settings%3DeyJpZCI6NDU4LCJ1cmwiOiJodHRwczpcL1wvY2VycmFkby5vcmcuYnJcL3NpdGVcL3dwLWNvbnRlbnRcL3VwbG9hZHNcLzIwMjJcLzA4XC9hbGJ1bS0xLTMuanBnIiwic2xpZGVzaG93IjoiYjhjZjU3YyJ9\" href=\"https:\/\/cerrado.org.br\/site\/wp-content\/uploads\/2022\/08\/album-1-3.jpg\"><figure class=\"swiper-slide-inner\"><img class=\"swiper-slide-image swiper-lazy\" data-src=\"https:\/\/cerrado.org.br\/site\/wp-content\/uploads\/2022\/08\/album-1-3-1536x1022.jpg\" alt=\"album-1-3\" \/><div class=\"swiper-lazy-preloader\"><\/div><\/figure><\/a><\/div><div class=\"swiper-slide\" role=\"group\" aria-roledescription=\"slide\" aria-label=\"4 of 4\"><a data-elementor-open-lightbox=\"yes\" data-elementor-lightbox-slideshow=\"b8cf57c\" data-e-action-hash=\"#elementor-action%3Aaction%3Dlightbox%26settings%3DeyJpZCI6NDU5LCJ1cmwiOiJodHRwczpcL1wvY2VycmFkby5vcmcuYnJcL3NpdGVcL3dwLWNvbnRlbnRcL3VwbG9hZHNcLzIwMjJcLzA4XC9hbGJ1bS0xLTQuanBnIiwic2xpZGVzaG93IjoiYjhjZjU3YyJ9\" href=\"https:\/\/cerrado.org.br\/site\/wp-content\/uploads\/2022\/08\/album-1-4.jpg\"><figure class=\"swiper-slide-inner\"><img class=\"swiper-slide-image swiper-lazy\" data-src=\"https:\/\/cerrado.org.br\/site\/wp-content\/uploads\/2022\/08\/album-1-4-1536x1020.jpg\" alt=\"album-1-4\" \/><div class=\"swiper-lazy-preloader\"><\/div><\/figure><\/a><\/div>\t\t\t<\/div>\n\t\t\t\t\t\t\t\t\t\t\t\t<div class=\"elementor-swiper-button elementor-swiper-button-prev\" role=\"button\" tabindex=\"0\">\n\t\t\t\t\t\t<i aria-hidden=\"true\" class=\"eicon-chevron-left\"><\/i>\t\t\t\t\t<\/div>\n\t\t\t\t\t<div class=\"elementor-swiper-button elementor-swiper-button-next\" role=\"button\" tabindex=\"0\">\n\t\t\t\t\t\t<i aria-hidden=\"true\" class=\"eicon-chevron-right\"><\/i>\t\t\t\t\t<\/div>\n\t\t\t\t\n\t\t\t\t\t\t\t\t\t<div class=\"swiper-pagination\"><\/div>\n\t\t\t\t\t\t\t\t\t<\/div>\n\t\t\t\t\t\t<\/div>\n\t\t\t\t<\/div>\n\t\t\t\t\t<\/div>\n\t\t<\/div>\n\t\t\t\t\t<\/div>\n\t\t<\/section>\n\t\t\t\t<section class=\"elementor-section elementor-top-section elementor-element elementor-element-352e5d7 elementor-section-content-middle elementor-section-boxed elementor-section-height-default elementor-section-height-default\" data-id=\"352e5d7\" data-element_type=\"section\" data-e-type=\"section\" data-settings=\"{&quot;_ha_eqh_enable&quot;:false}\">\n\t\t\t\t\t\t<div class=\"elementor-container elementor-column-gap-default\">\n\t\t\t\t\t<div class=\"elementor-column elementor-col-100 elementor-top-column elementor-element elementor-element-a8e47c5\" data-id=\"a8e47c5\" data-element_type=\"column\" data-e-type=\"column\">\n\t\t\t<div class=\"elementor-widget-wrap elementor-element-populated\">\n\t\t\t\t\t\t<div class=\"elementor-element elementor-element-4779c1b elementor-widget elementor-widget-text-editor\" data-id=\"4779c1b\" data-element_type=\"widget\" data-e-type=\"widget\" data-widget_type=\"text-editor.default\">\n\t\t\t\t<div class=\"elementor-widget-container\">\n\t\t\t\t\t\t\t\t\t<p>There are countless native plants that feed the Kalunga families, but some also generate income for the women, such as the famous pequi and buriti fruits. They still use produce from family farms to increase sales at local markets. These are oils, soaps, flours, spices, handicrafts, among other products, made by these women who always have their doors and wisdom open to anyone who wants to be enchanted by the Kalunga energy.  <\/p><p>When visiting the community of V\u00e3o de Almas, one of the many communities that make up the Kalunga territory, it is easy to understand why this work is done in a sustainable way. The way of life of the quilombola people ensures the conservation of large areas of native vegetation, where they collect these many fruits and coconuts, amidst their fields of cassava, corn, beans, rice, sesame, and a multitude of other foods.  <\/p><p>The way they cultivate the land, store seeds, and make use of native fruits are part of the centuries-old knowledge of this population. If the territory is an extension of the Kalunga people&#8217;s bodies, then it is also life for this community. <\/p>\t\t\t\t\t\t\t\t<\/div>\n\t\t\t\t<\/div>\n\t\t\t\t<div class=\"elementor-element elementor-element-1dcfafe elementor-widget elementor-widget-image\" data-id=\"1dcfafe\" data-element_type=\"widget\" data-e-type=\"widget\" data-widget_type=\"image.default\">\n\t\t\t\t<div class=\"elementor-widget-container\">\n\t\t\t\t\t\t\t\t\t\t\t\t\t\t\t<img decoding=\"async\" width=\"800\" height=\"861\" src=\"https:\/\/cerrado.org.br\/site\/wp-content\/uploads\/2022\/08\/corpo-kalunga-951x1024.png\" class=\"attachment-large size-large wp-image-460\" alt=\"\" srcset=\"https:\/\/cerrado.org.br\/site\/wp-content\/uploads\/2022\/08\/corpo-kalunga-951x1024.png 951w, https:\/\/cerrado.org.br\/site\/wp-content\/uploads\/2022\/08\/corpo-kalunga-279x300.png 279w, https:\/\/cerrado.org.br\/site\/wp-content\/uploads\/2022\/08\/corpo-kalunga-768x827.png 768w, https:\/\/cerrado.org.br\/site\/wp-content\/uploads\/2022\/08\/corpo-kalunga.png 1300w\" sizes=\"(max-width: 800px) 100vw, 800px\" \/>\t\t\t\t\t\t\t\t\t\t\t\t\t\t\t<\/div>\n\t\t\t\t<\/div>\n\t\t\t\t\t<\/div>\n\t\t<\/div>\n\t\t\t\t\t<\/div>\n\t\t<\/section>\n\t\t\t\t<section class=\"elementor-section elementor-top-section elementor-element elementor-element-5e68816 elementor-section-boxed elementor-section-height-default elementor-section-height-default\" data-id=\"5e68816\" data-element_type=\"section\" data-e-type=\"section\" data-settings=\"{&quot;_ha_eqh_enable&quot;:false}\">\n\t\t\t\t\t\t<div class=\"elementor-container elementor-column-gap-default\">\n\t\t\t\t\t<div class=\"elementor-column elementor-col-50 elementor-top-column elementor-element elementor-element-5682239\" data-id=\"5682239\" data-element_type=\"column\" data-e-type=\"column\">\n\t\t\t<div class=\"elementor-widget-wrap\">\n\t\t\t\t\t\t\t<\/div>\n\t\t<\/div>\n\t\t\t\t<div class=\"elementor-column elementor-col-50 elementor-top-column elementor-element elementor-element-ddf5cd6\" data-id=\"ddf5cd6\" data-element_type=\"column\" data-e-type=\"column\">\n\t\t\t<div class=\"elementor-widget-wrap elementor-element-populated\">\n\t\t\t\t\t\t<div class=\"elementor-element elementor-element-06e938b elementor-align-right elementor-mobile-align-justify elementor-widget elementor-widget-button\" data-id=\"06e938b\" data-element_type=\"widget\" data-e-type=\"widget\" data-widget_type=\"button.default\">\n\t\t\t\t<div class=\"elementor-widget-container\">\n\t\t\t\t\t\t\t\t\t<div class=\"elementor-button-wrapper\">\n\t\t\t\t\t<a class=\"elementor-button elementor-button-link elementor-size-md\" href=\"https:\/\/cerrado.org.br\/en\/get-to-know\/long-roots-deep-connections\/\">\n\t\t\t\t\t\t<span class=\"elementor-button-content-wrapper\">\n\t\t\t\t\t\t<span class=\"elementor-button-icon\">\n\t\t\t\t<i aria-hidden=\"true\" class=\"fas fa-chevron-right\"><\/i>\t\t\t<\/span>\n\t\t\t\t\t\t\t\t\t<span class=\"elementor-button-text\">#2. Long roots<\/span>\n\t\t\t\t\t<\/span>\n\t\t\t\t\t<\/a>\n\t\t\t\t<\/div>\n\t\t\t\t\t\t\t\t<\/div>\n\t\t\t\t<\/div>\n\t\t\t\t\t<\/div>\n\t\t<\/div>\n\t\t\t\t\t<\/div>\n\t\t<\/section>\n\t\t\t\t<\/div>\n\t\t","protected":false},"excerpt":{"rendered":"<p>Good Results: experiences and richness of the peoples In the \u00c1gua Boa Community, a premonitory name located in the State of Minas Gerais, in southeastern Brazil, lives Maria L\u00facia Agostinho. Known as Dona L\u00facia, she is a family farmer, a native of the Cerrado region, an active protector of the Cerrado, and also considers herself [&hellip;]<\/p>\n","protected":false},"author":1,"featured_media":0,"parent":515,"menu_order":0,"comment_status":"closed","ping_status":"closed","template":"","meta":{"footnotes":""},"class_list":["post-665","page","type-page","status-publish","hentry"],"_links":{"self":[{"href":"https:\/\/cerrado.org.br\/en\/wp-json\/wp\/v2\/pages\/665","targetHints":{"allow":["GET"]}}],"collection":[{"href":"https:\/\/cerrado.org.br\/en\/wp-json\/wp\/v2\/pages"}],"about":[{"href":"https:\/\/cerrado.org.br\/en\/wp-json\/wp\/v2\/types\/page"}],"author":[{"embeddable":true,"href":"https:\/\/cerrado.org.br\/en\/wp-json\/wp\/v2\/users\/1"}],"replies":[{"embeddable":true,"href":"https:\/\/cerrado.org.br\/en\/wp-json\/wp\/v2\/comments?post=665"}],"version-history":[{"count":6,"href":"https:\/\/cerrado.org.br\/en\/wp-json\/wp\/v2\/pages\/665\/revisions"}],"predecessor-version":[{"id":2228,"href":"https:\/\/cerrado.org.br\/en\/wp-json\/wp\/v2\/pages\/665\/revisions\/2228"}],"up":[{"embeddable":true,"href":"https:\/\/cerrado.org.br\/en\/wp-json\/wp\/v2\/pages\/515"}],"wp:attachment":[{"href":"https:\/\/cerrado.org.br\/en\/wp-json\/wp\/v2\/media?parent=665"}],"curies":[{"name":"wp","href":"https:\/\/api.w.org\/{rel}","templated":true}]}}